{"id":1504,"date":"2025-04-06T09:06:45","date_gmt":"2025-04-06T07:06:45","guid":{"rendered":"https:\/\/rootsteaflavors.com\/?page_id=1504"},"modified":"2026-01-15T17:06:18","modified_gmt":"2026-01-15T15:06:18","slug":"verzenden","status":"publish","type":"page","link":"https:\/\/rootsteaflavors.com\/de\/verzenden\/","title":{"rendered":"SENDEN"},"content":{"rendered":"<p>Nachdem Sie Ihre Bestellung aufgegeben und bezahlt haben, erhalten Sie eine Auftragsbest\u00e4tigung. Normalerweise wird Ihre Bestellung innerhalb von 1-3 Werktagen versandt (Lieferadressen au\u00dferhalb der Niederlande haben eine l\u00e4ngere Lieferzeit). Gelegentlich kann es vorkommen, dass der Versand aus bestimmten Gr\u00fcnden verschoben werden muss, z. B. wenn ein Artikel unerwartet nicht mehr vorr\u00e4tig ist. In diesem Fall nehmen wir nat\u00fcrlich sofort Kontakt mit Ihnen auf.<\/p>\n<p>Bestellungen bei ROOTS werden mit PostNL verschickt. Nachdem wir das Paket zum Versand \u00fcbergeben haben, erhalten Sie eine Tracking-Nummer, damit Sie sehen k\u00f6nnen, wo sich Ihr Paket befindet und wann es zugestellt wird.<\/p>\n<p>Bitte beachten Sie! ROOTS versendet keine Pakete an Postf\u00e4cher.<\/p>\n<p>L\u00e4nder<\/p>\n<p>ROOTS versendet Bestellungen in die folgenden L\u00e4nder.<\/p>\n<p>Wenn Sie eine Bestellung in ein nicht aufgef\u00fchrtes Land liefern lassen m\u00f6chten, nehmen Sie bitte Kontakt mit uns auf.<\/p>\n<h3>Niederlande<\/h3>\n<p>Versandkosten \u20ac 6,49<br \/>\nKostenloser Versand ab \u20ac 50<\/p>\n<h3>Belgien<\/h3>\n<p>Versandkosten 9,25 \u20ac.<\/p>\n<h3>Deutschland<\/h3>\n<p>Versandkosten \u20ac 9,50<\/p>","protected":false},"excerpt":{"rendered":"<p>Nadat je een bestelling hebt geplaatst en afgerekend ontvang je een bevestiging van je bestelling en normaal gesproken wordt je<\/p>","protected":false},"author":1,"featured_media":0,"parent":0,"menu_order":0,"comment_status":"closed","ping_status":"open","template":"","meta":{"_monsterinsights_skip_tracking":false,"_monsterinsights_sitenote_active":false,"_monsterinsights_sitenote_note":"","_monsterinsights_sitenote_category":0,"footnotes":""},"class_list":["post-1504","page","type-page","status-publish","hentry"],"yoast_head":"<!-- This site is optimized with the Yoast SEO plugin v27.4 - https:\/\/yoast.com\/product\/yoast-seo-wordpress\/ -->\n<title>VERZENDEN - Rootsginger<\/title>\n<meta name=\"robots\" content=\"index, follow, max-snippet:-1, max-image-preview:large, max-video-preview:-1\" \/>\n<link rel=\"canonical\" href=\"https:\/\/rootsteaflavors.com\/de\/verzenden\/\" \/>\n<meta property=\"og:locale\" content=\"de_DE\" \/>\n<meta property=\"og:type\" content=\"article\" \/>\n<meta property=\"og:title\" content=\"VERZENDEN - Rootsginger\" \/>\n<meta property=\"og:description\" content=\"Nadat je een bestelling hebt geplaatst en afgerekend ontvang je een bevestiging van je bestelling en normaal gesproken wordt je\" \/>\n<meta property=\"og:url\" content=\"https:\/\/rootsteaflavors.com\/de\/verzenden\/\" \/>\n<meta property=\"og:site_name\" content=\"Rootsginger\" \/>\n<meta property=\"article:modified_time\" content=\"2026-01-15T15:06:18+00:00\" \/>\n<meta name=\"twitter:card\" content=\"summary_large_image\" \/>\n<meta name=\"twitter:label1\" content=\"Gesch\u00e4tzte Lesezeit\" \/>\n\t<meta name=\"twitter:data1\" content=\"1\u00a0Minute\" \/>\n<script type=\"application\/ld+json\" class=\"yoast-schema-graph\">{\"@context\":\"https:\\\/\\\/schema.org\",\"@graph\":[{\"@type\":\"WebPage\",\"@id\":\"https:\\\/\\\/rootsteaflavors.com\\\/verzenden\\\/\",\"url\":\"https:\\\/\\\/rootsteaflavors.com\\\/verzenden\\\/\",\"name\":\"VERZENDEN - Rootsginger\",\"isPartOf\":{\"@id\":\"https:\\\/\\\/rootsteaflavors.com\\\/#website\"},\"datePublished\":\"2025-04-06T07:06:45+00:00\",\"dateModified\":\"2026-01-15T15:06:18+00:00\",\"breadcrumb\":{\"@id\":\"https:\\\/\\\/rootsteaflavors.com\\\/verzenden\\\/#breadcrumb\"},\"inLanguage\":\"de\",\"potentialAction\":[{\"@type\":\"ReadAction\",\"target\":[\"https:\\\/\\\/rootsteaflavors.com\\\/verzenden\\\/\"]}]},{\"@type\":\"BreadcrumbList\",\"@id\":\"https:\\\/\\\/rootsteaflavors.com\\\/verzenden\\\/#breadcrumb\",\"itemListElement\":[{\"@type\":\"ListItem\",\"position\":1,\"name\":\"Home\",\"item\":\"https:\\\/\\\/rootsteaflavors.com\\\/\"},{\"@type\":\"ListItem\",\"position\":2,\"name\":\"VERZENDEN\"}]},{\"@type\":\"WebSite\",\"@id\":\"https:\\\/\\\/rootsteaflavors.com\\\/#website\",\"url\":\"https:\\\/\\\/rootsteaflavors.com\\\/\",\"name\":\"Rootsginger\",\"description\":\"\",\"potentialAction\":[{\"@type\":\"SearchAction\",\"target\":{\"@type\":\"EntryPoint\",\"urlTemplate\":\"https:\\\/\\\/rootsteaflavors.com\\\/?s={search_term_string}\"},\"query-input\":{\"@type\":\"PropertyValueSpecification\",\"valueRequired\":true,\"valueName\":\"search_term_string\"}}],\"inLanguage\":\"de\"}]}<\/script>\n<!-- \/ Yoast SEO plugin. -->","yoast_head_json":{"title":"VERZENDEN - Rootsginger","robots":{"index":"index","follow":"follow","max-snippet":"max-snippet:-1","max-image-preview":"max-image-preview:large","max-video-preview":"max-video-preview:-1"},"canonical":"https:\/\/rootsteaflavors.com\/de\/verzenden\/","og_locale":"de_DE","og_type":"article","og_title":"VERZENDEN - Rootsginger","og_description":"Nadat je een bestelling hebt geplaatst en afgerekend ontvang je een bevestiging van je bestelling en normaal gesproken wordt je","og_url":"https:\/\/rootsteaflavors.com\/de\/verzenden\/","og_site_name":"Rootsginger","article_modified_time":"2026-01-15T15:06:18+00:00","twitter_card":"summary_large_image","twitter_misc":{"Gesch\u00e4tzte Lesezeit":"1\u00a0Minute"},"schema":{"@context":"https:\/\/schema.org","@graph":[{"@type":"WebPage","@id":"https:\/\/rootsteaflavors.com\/verzenden\/","url":"https:\/\/rootsteaflavors.com\/verzenden\/","name":"VERZENDEN - Rootsginger","isPartOf":{"@id":"https:\/\/rootsteaflavors.com\/#website"},"datePublished":"2025-04-06T07:06:45+00:00","dateModified":"2026-01-15T15:06:18+00:00","breadcrumb":{"@id":"https:\/\/rootsteaflavors.com\/verzenden\/#breadcrumb"},"inLanguage":"de","potentialAction":[{"@type":"ReadAction","target":["https:\/\/rootsteaflavors.com\/verzenden\/"]}]},{"@type":"BreadcrumbList","@id":"https:\/\/rootsteaflavors.com\/verzenden\/#breadcrumb","itemListElement":[{"@type":"ListItem","position":1,"name":"Home","item":"https:\/\/rootsteaflavors.com\/"},{"@type":"ListItem","position":2,"name":"VERZENDEN"}]},{"@type":"WebSite","@id":"https:\/\/rootsteaflavors.com\/#website","url":"https:\/\/rootsteaflavors.com\/","name":"Rootsinger","description":"","potentialAction":[{"@type":"SearchAction","target":{"@type":"EntryPoint","urlTemplate":"https:\/\/rootsteaflavors.com\/?s={search_term_string}"},"query-input":{"@type":"PropertyValueSpecification","valueRequired":true,"valueName":"search_term_string"}}],"inLanguage":"de"}]}},"_links":{"self":[{"href":"https:\/\/rootsteaflavors.com\/de\/wp-json\/wp\/v2\/pages\/1504","targetHints":{"allow":["GET"]}}],"collection":[{"href":"https:\/\/rootsteaflavors.com\/de\/wp-json\/wp\/v2\/pages"}],"about":[{"href":"https:\/\/rootsteaflavors.com\/de\/wp-json\/wp\/v2\/types\/page"}],"author":[{"embeddable":true,"href":"https:\/\/rootsteaflavors.com\/de\/wp-json\/wp\/v2\/users\/1"}],"replies":[{"embeddable":true,"href":"https:\/\/rootsteaflavors.com\/de\/wp-json\/wp\/v2\/comments?post=1504"}],"version-history":[{"count":1,"href":"https:\/\/rootsteaflavors.com\/de\/wp-json\/wp\/v2\/pages\/1504\/revisions"}],"predecessor-version":[{"id":8625,"href":"https:\/\/rootsteaflavors.com\/de\/wp-json\/wp\/v2\/pages\/1504\/revisions\/8625"}],"wp:attachment":[{"href":"https:\/\/rootsteaflavors.com\/de\/wp-json\/wp\/v2\/media?parent=1504"}],"curies":[{"name":"wp","href":"https:\/\/api.w.org\/{rel}","templated":true}]}}