{"id":1551,"date":"2025-04-06T09:49:07","date_gmt":"2025-04-06T07:49:07","guid":{"rendered":"https:\/\/rootsteaflavors.com\/?post_type=product&#038;p=1551"},"modified":"2026-04-15T23:24:51","modified_gmt":"2026-04-15T21:24:51","slug":"gember-puur","status":"publish","type":"product","link":"https:\/\/rootsteaflavors.com\/es\/producto\/gember-puur\/","title":{"rendered":"Jengibre PUUR"},"content":{"rendered":"<p>Descubra nuestro delicioso t\u00e9 de jengibre puro Coloca 1 \u00f3 2 cucharaditas de t\u00e9 de jengibre suelto con zumo en un colador de t\u00e9 o en tu taza, d\u00e9jalo reposar un rato al gusto Utiliza siempre una cuchara limpia para que se conserve m\u00e1s tiempo despu\u00e9s de abierto. Pruebe nuestro jengibre m\u00e1s puro Una sabrosa elecci\u00f3n para cualquier momento del d\u00eda.<\/p>\n<p><strong>VALOR ALIMENTARIO por 100 g<\/strong><\/p>\n<table>\n<tbody>\n<tr>\n<td>Energ\u00eda<\/td>\n<td>150,27 KJ<\/td>\n<\/tr>\n<tr>\n<td>Energ\u00eda<\/td>\n<td>35,88 Kcal<\/td>\n<\/tr>\n<tr>\n<td>Grasas -<\/td>\n<td>0,60 g<\/td>\n<\/tr>\n<tr>\n<td>de los cuales saturados<\/td>\n<td>0,00 g<\/td>\n<\/tr>\n<tr>\n<td>Carbohidratos<\/td>\n<td>6,90 g<\/td>\n<\/tr>\n<tr>\n<td>de los cuales az\u00facares<\/td>\n<td>0 g<\/td>\n<\/tr>\n<tr>\n<td>Fibras<\/td>\n<td>0,72 g<\/td>\n<\/tr>\n<tr>\n<td>Prote\u00edna<\/td>\n<td>0,72 g<\/td>\n<\/tr>\n<tr>\n<td>Sal<\/td>\n<td>0,01<\/td>\n<\/tr>\n<\/tbody>\n<\/table>\n<div><\/div>\n<div><strong>INGREDIENTES<\/strong><br \/>\njengibre, agua, aromas naturales, \u00e1cido c\u00edtrico<\/div>","protected":false},"excerpt":{"rendered":"<p>Descubra nuestro delicioso t\u00e9 de jengibre puro. Coloca 1 o 2 cucharaditas de t\u00e9 de jengibre suelto con zumo en un colador de t\u00e9 o en tu taza, d\u00e9jalo reposar un rato al gusto. Utilice siempre una cuchara limpia<br \/>\npara que se conserve m\u00e1s tiempo una vez abierto.<br \/>\n<strong><br \/>\nSugerencia de variaci\u00f3n:<\/strong>\u00a0Utilizar tambi\u00e9n una vez en agua fr\u00eda.<\/p>\n<p>Agitar brevemente antes de usar.<\/p>","protected":false},"featured_media":1326,"comment_status":"open","ping_status":"closed","template":"","meta":{"_monsterinsights_skip_tracking":false,"_monsterinsights_sitenote_active":false,"_monsterinsights_sitenote_note":"","_monsterinsights_sitenote_category":0},"product_brand":[],"product_cat":[77],"product_tag":[],"class_list":{"0":"post-1551","1":"product","2":"type-product","3":"status-publish","4":"has-post-thumbnail","6":"product_cat-gember","8":"first","9":"instock","10":"taxable","11":"shipping-taxable","12":"purchasable","13":"product-type-variable","14":"has-default-attributes"},"yoast_head":"<!-- This site is optimized with the Yoast SEO plugin v27.4 - https:\/\/yoast.com\/product\/yoast-seo-wordpress\/ -->\n<title>Gember PUUR - Rootsginger<\/title>\n<meta name=\"robots\" content=\"index, follow, max-snippet:-1, max-image-preview:large, max-video-preview:-1\" \/>\n<link rel=\"canonical\" href=\"https:\/\/rootsteaflavors.com\/es\/producto\/gember-puur\/\" \/>\n<meta property=\"og:locale\" content=\"es_ES\" \/>\n<meta property=\"og:type\" content=\"article\" \/>\n<meta property=\"og:title\" content=\"Gember PUUR - Rootsginger\" \/>\n<meta property=\"og:description\" content=\"Ontdek onze heerlijke pure Gemberthee! Plaats 1 of 2 theelepel(s) losse gemberthee met sap in een theezeef of in je kopje, laat het even trekken tot op smaak. Gebruik altijd een schone lepel voor een langere houdbaarheid na opening.  Variatietip:\u00a0gebruik ook eens in koud water.  Even schudden voor gebruik.\" \/>\n<meta property=\"og:url\" content=\"https:\/\/rootsteaflavors.com\/es\/producto\/gember-puur\/\" \/>\n<meta property=\"og:site_name\" content=\"Rootsginger\" \/>\n<meta property=\"article:modified_time\" content=\"2026-04-15T21:24:51+00:00\" \/>\n<meta property=\"og:image\" content=\"https:\/\/rootsteaflavors.com\/wp-content\/uploads\/2025\/04\/Gember_PUUR-220gr-scaled.jpg\" \/>\n\t<meta property=\"og:image:width\" content=\"1500\" \/>\n\t<meta property=\"og:image:height\" content=\"2000\" \/>\n\t<meta property=\"og:image:type\" content=\"image\/jpeg\" \/>\n<meta name=\"twitter:card\" content=\"summary_large_image\" \/>\n<meta name=\"twitter:label1\" content=\"Tiempo de lectura\" \/>\n\t<meta name=\"twitter:data1\" content=\"1 minuto\" \/>\n<script type=\"application\/ld+json\" class=\"yoast-schema-graph\">{\"@context\":\"https:\\\/\\\/schema.org\",\"@graph\":[{\"@type\":\"WebPage\",\"@id\":\"https:\\\/\\\/rootsteaflavors.com\\\/product\\\/gember-puur\\\/\",\"url\":\"https:\\\/\\\/rootsteaflavors.com\\\/product\\\/gember-puur\\\/\",\"name\":\"Gember PUUR - Rootsginger\",\"isPartOf\":{\"@id\":\"https:\\\/\\\/rootsteaflavors.com\\\/#website\"},\"primaryImageOfPage\":{\"@id\":\"https:\\\/\\\/rootsteaflavors.com\\\/product\\\/gember-puur\\\/#primaryimage\"},\"image\":{\"@id\":\"https:\\\/\\\/rootsteaflavors.com\\\/product\\\/gember-puur\\\/#primaryimage\"},\"thumbnailUrl\":\"https:\\\/\\\/rootsteaflavors.com\\\/wp-content\\\/uploads\\\/2025\\\/04\\\/Gember_PUUR-220gr-scaled.jpg\",\"datePublished\":\"2025-04-06T07:49:07+00:00\",\"dateModified\":\"2026-04-15T21:24:51+00:00\",\"breadcrumb\":{\"@id\":\"https:\\\/\\\/rootsteaflavors.com\\\/product\\\/gember-puur\\\/#breadcrumb\"},\"inLanguage\":\"es\",\"potentialAction\":[{\"@type\":\"ReadAction\",\"target\":[\"https:\\\/\\\/rootsteaflavors.com\\\/product\\\/gember-puur\\\/\"]}]},{\"@type\":\"ImageObject\",\"inLanguage\":\"es\",\"@id\":\"https:\\\/\\\/rootsteaflavors.com\\\/product\\\/gember-puur\\\/#primaryimage\",\"url\":\"https:\\\/\\\/rootsteaflavors.com\\\/wp-content\\\/uploads\\\/2025\\\/04\\\/Gember_PUUR-220gr-scaled.jpg\",\"contentUrl\":\"https:\\\/\\\/rootsteaflavors.com\\\/wp-content\\\/uploads\\\/2025\\\/04\\\/Gember_PUUR-220gr-scaled.jpg\",\"width\":1500,\"height\":2000},{\"@type\":\"BreadcrumbList\",\"@id\":\"https:\\\/\\\/rootsteaflavors.com\\\/product\\\/gember-puur\\\/#breadcrumb\",\"itemListElement\":[{\"@type\":\"ListItem\",\"position\":1,\"name\":\"Home\",\"item\":\"https:\\\/\\\/rootsteaflavors.com\\\/\"},{\"@type\":\"ListItem\",\"position\":2,\"name\":\"Shop\",\"item\":\"https:\\\/\\\/rootsteaflavors.com\\\/shop\\\/\"},{\"@type\":\"ListItem\",\"position\":3,\"name\":\"Gember\",\"item\":\"https:\\\/\\\/rootsteaflavors.com\\\/product-category\\\/gember\\\/\"},{\"@type\":\"ListItem\",\"position\":4,\"name\":\"Gember PUUR\"}]},{\"@type\":\"WebSite\",\"@id\":\"https:\\\/\\\/rootsteaflavors.com\\\/#website\",\"url\":\"https:\\\/\\\/rootsteaflavors.com\\\/\",\"name\":\"Rootsginger\",\"description\":\"\",\"potentialAction\":[{\"@type\":\"SearchAction\",\"target\":{\"@type\":\"EntryPoint\",\"urlTemplate\":\"https:\\\/\\\/rootsteaflavors.com\\\/?s={search_term_string}\"},\"query-input\":{\"@type\":\"PropertyValueSpecification\",\"valueRequired\":true,\"valueName\":\"search_term_string\"}}],\"inLanguage\":\"es\"}]}<\/script>\n<!-- \/ Yoast SEO plugin. -->","yoast_head_json":{"title":"Gember PUUR - Rootsginger","robots":{"index":"index","follow":"follow","max-snippet":"max-snippet:-1","max-image-preview":"max-image-preview:large","max-video-preview":"max-video-preview:-1"},"canonical":"https:\/\/rootsteaflavors.com\/es\/producto\/gember-puur\/","og_locale":"es_ES","og_type":"article","og_title":"Gember PUUR - Rootsginger","og_description":"Ontdek onze heerlijke pure Gemberthee! Plaats 1 of 2 theelepel(s) losse gemberthee met sap in een theezeef of in je kopje, laat het even trekken tot op smaak. Gebruik altijd een schone lepel voor een langere houdbaarheid na opening.  Variatietip:\u00a0gebruik ook eens in koud water.  Even schudden voor gebruik.","og_url":"https:\/\/rootsteaflavors.com\/es\/producto\/gember-puur\/","og_site_name":"Rootsginger","article_modified_time":"2026-04-15T21:24:51+00:00","og_image":[{"width":1500,"height":2000,"url":"https:\/\/rootsteaflavors.com\/wp-content\/uploads\/2025\/04\/Gember_PUUR-220gr-scaled.jpg","type":"image\/jpeg"}],"twitter_card":"summary_large_image","twitter_misc":{"Tiempo de lectura":"1 minuto"},"schema":{"@context":"https:\/\/schema.org","@graph":[{"@type":"WebPage","@id":"https:\/\/rootsteaflavors.com\/product\/gember-puur\/","url":"https:\/\/rootsteaflavors.com\/product\/gember-puur\/","name":"Gember PUUR - Rootsginger","isPartOf":{"@id":"https:\/\/rootsteaflavors.com\/#website"},"primaryImageOfPage":{"@id":"https:\/\/rootsteaflavors.com\/product\/gember-puur\/#primaryimage"},"image":{"@id":"https:\/\/rootsteaflavors.com\/product\/gember-puur\/#primaryimage"},"thumbnailUrl":"https:\/\/rootsteaflavors.com\/wp-content\/uploads\/2025\/04\/Gember_PUUR-220gr-scaled.jpg","datePublished":"2025-04-06T07:49:07+00:00","dateModified":"2026-04-15T21:24:51+00:00","breadcrumb":{"@id":"https:\/\/rootsteaflavors.com\/product\/gember-puur\/#breadcrumb"},"inLanguage":"es","potentialAction":[{"@type":"ReadAction","target":["https:\/\/rootsteaflavors.com\/product\/gember-puur\/"]}]},{"@type":"ImageObject","inLanguage":"es","@id":"https:\/\/rootsteaflavors.com\/product\/gember-puur\/#primaryimage","url":"https:\/\/rootsteaflavors.com\/wp-content\/uploads\/2025\/04\/Gember_PUUR-220gr-scaled.jpg","contentUrl":"https:\/\/rootsteaflavors.com\/wp-content\/uploads\/2025\/04\/Gember_PUUR-220gr-scaled.jpg","width":1500,"height":2000},{"@type":"BreadcrumbList","@id":"https:\/\/rootsteaflavors.com\/product\/gember-puur\/#breadcrumb","itemListElement":[{"@type":"ListItem","position":1,"name":"Home","item":"https:\/\/rootsteaflavors.com\/"},{"@type":"ListItem","position":2,"name":"Shop","item":"https:\/\/rootsteaflavors.com\/shop\/"},{"@type":"ListItem","position":3,"name":"Gember","item":"https:\/\/rootsteaflavors.com\/product-category\/gember\/"},{"@type":"ListItem","position":4,"name":"Gember PUUR"}]},{"@type":"WebSite","@id":"https:\/\/rootsteaflavors.com\/#website","url":"https:\/\/rootsteaflavors.com\/","name":"Ra\u00edz jengibre","description":"","potentialAction":[{"@type":"SearchAction","target":{"@type":"EntryPoint","urlTemplate":"https:\/\/rootsteaflavors.com\/?s={search_term_string}"},"query-input":{"@type":"PropertyValueSpecification","valueRequired":true,"valueName":"search_term_string"}}],"inLanguage":"es"}]}},"_links":{"self":[{"href":"https:\/\/rootsteaflavors.com\/es\/wp-json\/wp\/v2\/product\/1551","targetHints":{"allow":["GET"]}}],"collection":[{"href":"https:\/\/rootsteaflavors.com\/es\/wp-json\/wp\/v2\/product"}],"about":[{"href":"https:\/\/rootsteaflavors.com\/es\/wp-json\/wp\/v2\/types\/product"}],"replies":[{"embeddable":true,"href":"https:\/\/rootsteaflavors.com\/es\/wp-json\/wp\/v2\/comments?post=1551"}],"version-history":[{"count":2,"href":"https:\/\/rootsteaflavors.com\/es\/wp-json\/wp\/v2\/product\/1551\/revisions"}],"predecessor-version":[{"id":8527,"href":"https:\/\/rootsteaflavors.com\/es\/wp-json\/wp\/v2\/product\/1551\/revisions\/8527"}],"wp:featuredmedia":[{"embeddable":true,"href":"https:\/\/rootsteaflavors.com\/es\/wp-json\/wp\/v2\/media\/1326"}],"wp:attachment":[{"href":"https:\/\/rootsteaflavors.com\/es\/wp-json\/wp\/v2\/media?parent=1551"}],"wp:term":[{"taxonomy":"product_brand","embeddable":true,"href":"https:\/\/rootsteaflavors.com\/es\/wp-json\/wp\/v2\/product_brand?post=1551"},{"taxonomy":"product_cat","embeddable":true,"href":"https:\/\/rootsteaflavors.com\/es\/wp-json\/wp\/v2\/product_cat?post=1551"},{"taxonomy":"product_tag","embeddable":true,"href":"https:\/\/rootsteaflavors.com\/es\/wp-json\/wp\/v2\/product_tag?post=1551"}],"curies":[{"name":"wp","href":"https:\/\/api.w.org\/{rel}","templated":true}]}}