{"id":1504,"date":"2025-04-06T09:06:45","date_gmt":"2025-04-06T07:06:45","guid":{"rendered":"https:\/\/rootsteaflavors.com\/?page_id=1504"},"modified":"2026-01-15T17:06:18","modified_gmt":"2026-01-15T15:06:18","slug":"verzenden","status":"publish","type":"page","link":"https:\/\/rootsteaflavors.com\/fr\/verzenden\/","title":{"rendered":"ENVOYER"},"content":{"rendered":"<p>Apr\u00e8s avoir pass\u00e9 et pay\u00e9 votre commande, vous recevrez une confirmation de commande et votre commande sera normalement exp\u00e9di\u00e9e dans un d\u00e9lai de 1 \u00e0 3 jours ouvrables (les adresses de livraison en dehors des Pays-Bas ont un d\u00e9lai de livraison plus long). Il peut arriver que l'exp\u00e9dition doive \u00eatre report\u00e9e pour certaines raisons, par exemple en cas de rupture de stock inattendue. Bien entendu, nous vous contacterons imm\u00e9diatement.<\/p>\n<p>Les commandes chez ROOTS sont exp\u00e9di\u00e9es par PostNL. Apr\u00e8s avoir pr\u00e9sent\u00e9 le colis pour exp\u00e9dition, vous recevrez un num\u00e9ro de suivi qui vous permettra de savoir o\u00f9 se trouve votre colis et quand il sera livr\u00e9.<\/p>\n<p>Attention ! ROOTS n'envoie pas de colis \u00e0 des bo\u00eetes postales.<\/p>\n<p>Pays<\/p>\n<p>ROOTS exp\u00e9die les commandes dans les pays suivants.<\/p>\n<p>Si vous souhaitez que votre commande soit exp\u00e9di\u00e9e dans un pays qui ne figure pas dans la liste, veuillez nous contacter.<\/p>\n<h3>Pays-Bas<\/h3>\n<p>Frais d'exp\u00e9dition 6,49<br \/>\nLivraison gratuite \u00e0 partir de 50 euros<\/p>\n<h3>Belgique<\/h3>\n<p>Frais d'exp\u00e9dition 9,25<\/p>\n<h3>Allemagne<\/h3>\n<p>Frais d'exp\u00e9dition 9,50<\/p>","protected":false},"excerpt":{"rendered":"<p>Nadat je een bestelling hebt geplaatst en afgerekend ontvang je een bevestiging van je bestelling en normaal gesproken wordt je<\/p>","protected":false},"author":1,"featured_media":0,"parent":0,"menu_order":0,"comment_status":"closed","ping_status":"open","template":"","meta":{"_monsterinsights_skip_tracking":false,"_monsterinsights_sitenote_active":false,"_monsterinsights_sitenote_note":"","_monsterinsights_sitenote_category":0,"footnotes":""},"class_list":["post-1504","page","type-page","status-publish","hentry"],"yoast_head":"<!-- This site is optimized with the Yoast SEO plugin v27.4 - https:\/\/yoast.com\/product\/yoast-seo-wordpress\/ -->\n<title>VERZENDEN - Rootsginger<\/title>\n<meta name=\"robots\" content=\"index, follow, max-snippet:-1, max-image-preview:large, max-video-preview:-1\" \/>\n<link rel=\"canonical\" href=\"https:\/\/rootsteaflavors.com\/fr\/verzenden\/\" \/>\n<meta property=\"og:locale\" content=\"fr_FR\" \/>\n<meta property=\"og:type\" content=\"article\" \/>\n<meta property=\"og:title\" content=\"VERZENDEN - Rootsginger\" \/>\n<meta property=\"og:description\" content=\"Nadat je een bestelling hebt geplaatst en afgerekend ontvang je een bevestiging van je bestelling en normaal gesproken wordt je\" \/>\n<meta property=\"og:url\" content=\"https:\/\/rootsteaflavors.com\/fr\/verzenden\/\" \/>\n<meta property=\"og:site_name\" content=\"Rootsginger\" \/>\n<meta property=\"article:modified_time\" content=\"2026-01-15T15:06:18+00:00\" \/>\n<meta name=\"twitter:card\" content=\"summary_large_image\" \/>\n<meta name=\"twitter:label1\" content=\"Dur\u00e9e de lecture estim\u00e9e\" \/>\n\t<meta name=\"twitter:data1\" content=\"1 minute\" \/>\n<script type=\"application\/ld+json\" class=\"yoast-schema-graph\">{\"@context\":\"https:\\\/\\\/schema.org\",\"@graph\":[{\"@type\":\"WebPage\",\"@id\":\"https:\\\/\\\/rootsteaflavors.com\\\/verzenden\\\/\",\"url\":\"https:\\\/\\\/rootsteaflavors.com\\\/verzenden\\\/\",\"name\":\"VERZENDEN - Rootsginger\",\"isPartOf\":{\"@id\":\"https:\\\/\\\/rootsteaflavors.com\\\/#website\"},\"datePublished\":\"2025-04-06T07:06:45+00:00\",\"dateModified\":\"2026-01-15T15:06:18+00:00\",\"breadcrumb\":{\"@id\":\"https:\\\/\\\/rootsteaflavors.com\\\/verzenden\\\/#breadcrumb\"},\"inLanguage\":\"fr-FR\",\"potentialAction\":[{\"@type\":\"ReadAction\",\"target\":[\"https:\\\/\\\/rootsteaflavors.com\\\/verzenden\\\/\"]}]},{\"@type\":\"BreadcrumbList\",\"@id\":\"https:\\\/\\\/rootsteaflavors.com\\\/verzenden\\\/#breadcrumb\",\"itemListElement\":[{\"@type\":\"ListItem\",\"position\":1,\"name\":\"Home\",\"item\":\"https:\\\/\\\/rootsteaflavors.com\\\/\"},{\"@type\":\"ListItem\",\"position\":2,\"name\":\"VERZENDEN\"}]},{\"@type\":\"WebSite\",\"@id\":\"https:\\\/\\\/rootsteaflavors.com\\\/#website\",\"url\":\"https:\\\/\\\/rootsteaflavors.com\\\/\",\"name\":\"Rootsginger\",\"description\":\"\",\"potentialAction\":[{\"@type\":\"SearchAction\",\"target\":{\"@type\":\"EntryPoint\",\"urlTemplate\":\"https:\\\/\\\/rootsteaflavors.com\\\/?s={search_term_string}\"},\"query-input\":{\"@type\":\"PropertyValueSpecification\",\"valueRequired\":true,\"valueName\":\"search_term_string\"}}],\"inLanguage\":\"fr-FR\"}]}<\/script>\n<!-- \/ Yoast SEO plugin. -->","yoast_head_json":{"title":"VERZENDEN - Rootsginger","robots":{"index":"index","follow":"follow","max-snippet":"max-snippet:-1","max-image-preview":"max-image-preview:large","max-video-preview":"max-video-preview:-1"},"canonical":"https:\/\/rootsteaflavors.com\/fr\/verzenden\/","og_locale":"fr_FR","og_type":"article","og_title":"VERZENDEN - Rootsginger","og_description":"Nadat je een bestelling hebt geplaatst en afgerekend ontvang je een bevestiging van je bestelling en normaal gesproken wordt je","og_url":"https:\/\/rootsteaflavors.com\/fr\/verzenden\/","og_site_name":"Rootsginger","article_modified_time":"2026-01-15T15:06:18+00:00","twitter_card":"summary_large_image","twitter_misc":{"Dur\u00e9e de lecture estim\u00e9e":"1 minute"},"schema":{"@context":"https:\/\/schema.org","@graph":[{"@type":"WebPage","@id":"https:\/\/rootsteaflavors.com\/verzenden\/","url":"https:\/\/rootsteaflavors.com\/verzenden\/","name":"VERZENDEN - Rootsginger","isPartOf":{"@id":"https:\/\/rootsteaflavors.com\/#website"},"datePublished":"2025-04-06T07:06:45+00:00","dateModified":"2026-01-15T15:06:18+00:00","breadcrumb":{"@id":"https:\/\/rootsteaflavors.com\/verzenden\/#breadcrumb"},"inLanguage":"fr-FR","potentialAction":[{"@type":"ReadAction","target":["https:\/\/rootsteaflavors.com\/verzenden\/"]}]},{"@type":"BreadcrumbList","@id":"https:\/\/rootsteaflavors.com\/verzenden\/#breadcrumb","itemListElement":[{"@type":"ListItem","position":1,"name":"Home","item":"https:\/\/rootsteaflavors.com\/"},{"@type":"ListItem","position":2,"name":"VERZENDEN"}]},{"@type":"WebSite","@id":"https:\/\/rootsteaflavors.com\/#website","url":"https:\/\/rootsteaflavors.com\/","name":"Rootsginger","description":"","potentialAction":[{"@type":"SearchAction","target":{"@type":"EntryPoint","urlTemplate":"https:\/\/rootsteaflavors.com\/?s={search_term_string}"},"query-input":{"@type":"PropertyValueSpecification","valueRequired":true,"valueName":"search_term_string"}}],"inLanguage":"fr-FR"}]}},"_links":{"self":[{"href":"https:\/\/rootsteaflavors.com\/fr\/wp-json\/wp\/v2\/pages\/1504","targetHints":{"allow":["GET"]}}],"collection":[{"href":"https:\/\/rootsteaflavors.com\/fr\/wp-json\/wp\/v2\/pages"}],"about":[{"href":"https:\/\/rootsteaflavors.com\/fr\/wp-json\/wp\/v2\/types\/page"}],"author":[{"embeddable":true,"href":"https:\/\/rootsteaflavors.com\/fr\/wp-json\/wp\/v2\/users\/1"}],"replies":[{"embeddable":true,"href":"https:\/\/rootsteaflavors.com\/fr\/wp-json\/wp\/v2\/comments?post=1504"}],"version-history":[{"count":1,"href":"https:\/\/rootsteaflavors.com\/fr\/wp-json\/wp\/v2\/pages\/1504\/revisions"}],"predecessor-version":[{"id":8625,"href":"https:\/\/rootsteaflavors.com\/fr\/wp-json\/wp\/v2\/pages\/1504\/revisions\/8625"}],"wp:attachment":[{"href":"https:\/\/rootsteaflavors.com\/fr\/wp-json\/wp\/v2\/media?parent=1504"}],"curies":[{"name":"wp","href":"https:\/\/api.w.org\/{rel}","templated":true}]}}