{"id":1551,"date":"2025-04-06T09:49:07","date_gmt":"2025-04-06T07:49:07","guid":{"rendered":"https:\/\/rootsteaflavors.com\/?post_type=product&#038;p=1551"},"modified":"2026-04-15T23:24:51","modified_gmt":"2026-04-15T21:24:51","slug":"gember-puur","status":"publish","type":"product","link":"https:\/\/rootsteaflavors.com\/fr\/produit\/gember-puur\/","title":{"rendered":"Ginger PUUR"},"content":{"rendered":"<p>D\u00e9couvrez notre d\u00e9licieux th\u00e9 au gingembre pur ! Placez 1 ou 2 cuill\u00e8re(s) \u00e0 caf\u00e9 de th\u00e9 au gingembre en vrac avec du jus dans une passoire \u00e0 th\u00e9 ou dans votre tasse, laissez infuser un moment selon votre go\u00fbt. Utilisez toujours une cuill\u00e8re propre pour prolonger la dur\u00e9e de conservation apr\u00e8s ouverture. D\u00e9couvrez notre gingembre le plus pur ! Un choix savoureux \u00e0 tout moment de la journ\u00e9e !<\/p>\n<p><strong>VALEUR ALIMENTAIRE par 100g<\/strong><\/p>\n<table>\n<tbody>\n<tr>\n<td>L'\u00e9nergie<\/td>\n<td>150,27 KJ<\/td>\n<\/tr>\n<tr>\n<td>L'\u00e9nergie<\/td>\n<td>35,88 Kcal<\/td>\n<\/tr>\n<tr>\n<td>Mati\u00e8res grasses -<\/td>\n<td>0,60 g<\/td>\n<\/tr>\n<tr>\n<td>dont satur\u00e9s<\/td>\n<td>0,00 g<\/td>\n<\/tr>\n<tr>\n<td>Glucides<\/td>\n<td>6,90 g<\/td>\n<\/tr>\n<tr>\n<td>dont sucres<\/td>\n<td>0 g<\/td>\n<\/tr>\n<tr>\n<td>Fibres<\/td>\n<td>0,72 g<\/td>\n<\/tr>\n<tr>\n<td>Prot\u00e9ines<\/td>\n<td>0,72 g<\/td>\n<\/tr>\n<tr>\n<td>Sel<\/td>\n<td>0,01<\/td>\n<\/tr>\n<\/tbody>\n<\/table>\n<div><\/div>\n<div><strong>INGR\u00c9DIENTS<\/strong><br \/>\ngingembre, eau, ar\u00f4mes naturels, acide citrique<\/div>","protected":false},"excerpt":{"rendered":"<p>D\u00e9couvrez notre d\u00e9licieux th\u00e9 au gingembre pur ! Placez 1 ou 2 cuill\u00e8res \u00e0 caf\u00e9 de th\u00e9 au gingembre en vrac avec du jus dans une passoire \u00e0 th\u00e9 ou dans votre tasse, laissez infuser pendant un certain temps selon votre go\u00fbt. Utilisez toujours une cuill\u00e8re propre<br \/>\npour une dur\u00e9e de conservation plus longue apr\u00e8s ouverture.<br \/>\n<strong><br \/>\nConseil de variation :<\/strong>\u00a0A utiliser \u00e9galement une fois dans de l'eau froide.<\/p>\n<p>Agiter bri\u00e8vement avant utilisation.<\/p>","protected":false},"featured_media":1326,"comment_status":"open","ping_status":"closed","template":"","meta":{"_monsterinsights_skip_tracking":false,"_monsterinsights_sitenote_active":false,"_monsterinsights_sitenote_note":"","_monsterinsights_sitenote_category":0},"product_brand":[],"product_cat":[77],"product_tag":[],"class_list":{"0":"post-1551","1":"product","2":"type-product","3":"status-publish","4":"has-post-thumbnail","6":"product_cat-gember","8":"first","9":"instock","10":"taxable","11":"shipping-taxable","12":"purchasable","13":"product-type-variable","14":"has-default-attributes"},"yoast_head":"<!-- This site is optimized with the Yoast SEO plugin v27.4 - https:\/\/yoast.com\/product\/yoast-seo-wordpress\/ -->\n<title>Gember PUUR - Rootsginger<\/title>\n<meta name=\"robots\" content=\"index, follow, max-snippet:-1, max-image-preview:large, max-video-preview:-1\" \/>\n<link rel=\"canonical\" href=\"https:\/\/rootsteaflavors.com\/fr\/produit\/gember-puur\/\" \/>\n<meta property=\"og:locale\" content=\"fr_FR\" \/>\n<meta property=\"og:type\" content=\"article\" \/>\n<meta property=\"og:title\" content=\"Gember PUUR - Rootsginger\" \/>\n<meta property=\"og:description\" content=\"Ontdek onze heerlijke pure Gemberthee! Plaats 1 of 2 theelepel(s) losse gemberthee met sap in een theezeef of in je kopje, laat het even trekken tot op smaak. Gebruik altijd een schone lepel voor een langere houdbaarheid na opening.  Variatietip:\u00a0gebruik ook eens in koud water.  Even schudden voor gebruik.\" \/>\n<meta property=\"og:url\" content=\"https:\/\/rootsteaflavors.com\/fr\/produit\/gember-puur\/\" \/>\n<meta property=\"og:site_name\" content=\"Rootsginger\" \/>\n<meta property=\"article:modified_time\" content=\"2026-04-15T21:24:51+00:00\" \/>\n<meta property=\"og:image\" content=\"https:\/\/rootsteaflavors.com\/wp-content\/uploads\/2025\/04\/Gember_PUUR-220gr-scaled.jpg\" \/>\n\t<meta property=\"og:image:width\" content=\"1500\" \/>\n\t<meta property=\"og:image:height\" content=\"2000\" \/>\n\t<meta property=\"og:image:type\" content=\"image\/jpeg\" \/>\n<meta name=\"twitter:card\" content=\"summary_large_image\" \/>\n<meta name=\"twitter:label1\" content=\"Dur\u00e9e de lecture estim\u00e9e\" \/>\n\t<meta name=\"twitter:data1\" content=\"1 minute\" \/>\n<script type=\"application\/ld+json\" class=\"yoast-schema-graph\">{\"@context\":\"https:\\\/\\\/schema.org\",\"@graph\":[{\"@type\":\"WebPage\",\"@id\":\"https:\\\/\\\/rootsteaflavors.com\\\/product\\\/gember-puur\\\/\",\"url\":\"https:\\\/\\\/rootsteaflavors.com\\\/product\\\/gember-puur\\\/\",\"name\":\"Gember PUUR - Rootsginger\",\"isPartOf\":{\"@id\":\"https:\\\/\\\/rootsteaflavors.com\\\/#website\"},\"primaryImageOfPage\":{\"@id\":\"https:\\\/\\\/rootsteaflavors.com\\\/product\\\/gember-puur\\\/#primaryimage\"},\"image\":{\"@id\":\"https:\\\/\\\/rootsteaflavors.com\\\/product\\\/gember-puur\\\/#primaryimage\"},\"thumbnailUrl\":\"https:\\\/\\\/rootsteaflavors.com\\\/wp-content\\\/uploads\\\/2025\\\/04\\\/Gember_PUUR-220gr-scaled.jpg\",\"datePublished\":\"2025-04-06T07:49:07+00:00\",\"dateModified\":\"2026-04-15T21:24:51+00:00\",\"breadcrumb\":{\"@id\":\"https:\\\/\\\/rootsteaflavors.com\\\/product\\\/gember-puur\\\/#breadcrumb\"},\"inLanguage\":\"fr-FR\",\"potentialAction\":[{\"@type\":\"ReadAction\",\"target\":[\"https:\\\/\\\/rootsteaflavors.com\\\/product\\\/gember-puur\\\/\"]}]},{\"@type\":\"ImageObject\",\"inLanguage\":\"fr-FR\",\"@id\":\"https:\\\/\\\/rootsteaflavors.com\\\/product\\\/gember-puur\\\/#primaryimage\",\"url\":\"https:\\\/\\\/rootsteaflavors.com\\\/wp-content\\\/uploads\\\/2025\\\/04\\\/Gember_PUUR-220gr-scaled.jpg\",\"contentUrl\":\"https:\\\/\\\/rootsteaflavors.com\\\/wp-content\\\/uploads\\\/2025\\\/04\\\/Gember_PUUR-220gr-scaled.jpg\",\"width\":1500,\"height\":2000},{\"@type\":\"BreadcrumbList\",\"@id\":\"https:\\\/\\\/rootsteaflavors.com\\\/product\\\/gember-puur\\\/#breadcrumb\",\"itemListElement\":[{\"@type\":\"ListItem\",\"position\":1,\"name\":\"Home\",\"item\":\"https:\\\/\\\/rootsteaflavors.com\\\/\"},{\"@type\":\"ListItem\",\"position\":2,\"name\":\"Shop\",\"item\":\"https:\\\/\\\/rootsteaflavors.com\\\/shop\\\/\"},{\"@type\":\"ListItem\",\"position\":3,\"name\":\"Gember\",\"item\":\"https:\\\/\\\/rootsteaflavors.com\\\/product-category\\\/gember\\\/\"},{\"@type\":\"ListItem\",\"position\":4,\"name\":\"Gember PUUR\"}]},{\"@type\":\"WebSite\",\"@id\":\"https:\\\/\\\/rootsteaflavors.com\\\/#website\",\"url\":\"https:\\\/\\\/rootsteaflavors.com\\\/\",\"name\":\"Rootsginger\",\"description\":\"\",\"potentialAction\":[{\"@type\":\"SearchAction\",\"target\":{\"@type\":\"EntryPoint\",\"urlTemplate\":\"https:\\\/\\\/rootsteaflavors.com\\\/?s={search_term_string}\"},\"query-input\":{\"@type\":\"PropertyValueSpecification\",\"valueRequired\":true,\"valueName\":\"search_term_string\"}}],\"inLanguage\":\"fr-FR\"}]}<\/script>\n<!-- \/ Yoast SEO plugin. -->","yoast_head_json":{"title":"Gember PUUR - Rootsginger","robots":{"index":"index","follow":"follow","max-snippet":"max-snippet:-1","max-image-preview":"max-image-preview:large","max-video-preview":"max-video-preview:-1"},"canonical":"https:\/\/rootsteaflavors.com\/fr\/produit\/gember-puur\/","og_locale":"fr_FR","og_type":"article","og_title":"Gember PUUR - Rootsginger","og_description":"Ontdek onze heerlijke pure Gemberthee! Plaats 1 of 2 theelepel(s) losse gemberthee met sap in een theezeef of in je kopje, laat het even trekken tot op smaak. Gebruik altijd een schone lepel voor een langere houdbaarheid na opening.  Variatietip:\u00a0gebruik ook eens in koud water.  Even schudden voor gebruik.","og_url":"https:\/\/rootsteaflavors.com\/fr\/produit\/gember-puur\/","og_site_name":"Rootsginger","article_modified_time":"2026-04-15T21:24:51+00:00","og_image":[{"width":1500,"height":2000,"url":"https:\/\/rootsteaflavors.com\/wp-content\/uploads\/2025\/04\/Gember_PUUR-220gr-scaled.jpg","type":"image\/jpeg"}],"twitter_card":"summary_large_image","twitter_misc":{"Dur\u00e9e de lecture estim\u00e9e":"1 minute"},"schema":{"@context":"https:\/\/schema.org","@graph":[{"@type":"WebPage","@id":"https:\/\/rootsteaflavors.com\/product\/gember-puur\/","url":"https:\/\/rootsteaflavors.com\/product\/gember-puur\/","name":"Gember PUUR - Rootsginger","isPartOf":{"@id":"https:\/\/rootsteaflavors.com\/#website"},"primaryImageOfPage":{"@id":"https:\/\/rootsteaflavors.com\/product\/gember-puur\/#primaryimage"},"image":{"@id":"https:\/\/rootsteaflavors.com\/product\/gember-puur\/#primaryimage"},"thumbnailUrl":"https:\/\/rootsteaflavors.com\/wp-content\/uploads\/2025\/04\/Gember_PUUR-220gr-scaled.jpg","datePublished":"2025-04-06T07:49:07+00:00","dateModified":"2026-04-15T21:24:51+00:00","breadcrumb":{"@id":"https:\/\/rootsteaflavors.com\/product\/gember-puur\/#breadcrumb"},"inLanguage":"fr-FR","potentialAction":[{"@type":"ReadAction","target":["https:\/\/rootsteaflavors.com\/product\/gember-puur\/"]}]},{"@type":"ImageObject","inLanguage":"fr-FR","@id":"https:\/\/rootsteaflavors.com\/product\/gember-puur\/#primaryimage","url":"https:\/\/rootsteaflavors.com\/wp-content\/uploads\/2025\/04\/Gember_PUUR-220gr-scaled.jpg","contentUrl":"https:\/\/rootsteaflavors.com\/wp-content\/uploads\/2025\/04\/Gember_PUUR-220gr-scaled.jpg","width":1500,"height":2000},{"@type":"BreadcrumbList","@id":"https:\/\/rootsteaflavors.com\/product\/gember-puur\/#breadcrumb","itemListElement":[{"@type":"ListItem","position":1,"name":"Home","item":"https:\/\/rootsteaflavors.com\/"},{"@type":"ListItem","position":2,"name":"Shop","item":"https:\/\/rootsteaflavors.com\/shop\/"},{"@type":"ListItem","position":3,"name":"Gember","item":"https:\/\/rootsteaflavors.com\/product-category\/gember\/"},{"@type":"ListItem","position":4,"name":"Gember PUUR"}]},{"@type":"WebSite","@id":"https:\/\/rootsteaflavors.com\/#website","url":"https:\/\/rootsteaflavors.com\/","name":"Rootsginger","description":"","potentialAction":[{"@type":"SearchAction","target":{"@type":"EntryPoint","urlTemplate":"https:\/\/rootsteaflavors.com\/?s={search_term_string}"},"query-input":{"@type":"PropertyValueSpecification","valueRequired":true,"valueName":"search_term_string"}}],"inLanguage":"fr-FR"}]}},"_links":{"self":[{"href":"https:\/\/rootsteaflavors.com\/fr\/wp-json\/wp\/v2\/product\/1551","targetHints":{"allow":["GET"]}}],"collection":[{"href":"https:\/\/rootsteaflavors.com\/fr\/wp-json\/wp\/v2\/product"}],"about":[{"href":"https:\/\/rootsteaflavors.com\/fr\/wp-json\/wp\/v2\/types\/product"}],"replies":[{"embeddable":true,"href":"https:\/\/rootsteaflavors.com\/fr\/wp-json\/wp\/v2\/comments?post=1551"}],"version-history":[{"count":2,"href":"https:\/\/rootsteaflavors.com\/fr\/wp-json\/wp\/v2\/product\/1551\/revisions"}],"predecessor-version":[{"id":8527,"href":"https:\/\/rootsteaflavors.com\/fr\/wp-json\/wp\/v2\/product\/1551\/revisions\/8527"}],"wp:featuredmedia":[{"embeddable":true,"href":"https:\/\/rootsteaflavors.com\/fr\/wp-json\/wp\/v2\/media\/1326"}],"wp:attachment":[{"href":"https:\/\/rootsteaflavors.com\/fr\/wp-json\/wp\/v2\/media?parent=1551"}],"wp:term":[{"taxonomy":"product_brand","embeddable":true,"href":"https:\/\/rootsteaflavors.com\/fr\/wp-json\/wp\/v2\/product_brand?post=1551"},{"taxonomy":"product_cat","embeddable":true,"href":"https:\/\/rootsteaflavors.com\/fr\/wp-json\/wp\/v2\/product_cat?post=1551"},{"taxonomy":"product_tag","embeddable":true,"href":"https:\/\/rootsteaflavors.com\/fr\/wp-json\/wp\/v2\/product_tag?post=1551"}],"curies":[{"name":"wp","href":"https:\/\/api.w.org\/{rel}","templated":true}]}}